{"id":63,"date":"2012-07-07T17:39:29","date_gmt":"2012-07-07T15:39:29","guid":{"rendered":"http:\/\/www.kaminstube-gorleben.de\/?page_id=63"},"modified":"2012-07-09T15:56:28","modified_gmt":"2012-07-09T13:56:28","slug":"feste-feiern","status":"publish","type":"page","link":"http:\/\/www.kaminstube-gorleben.de\/?page_id=63","title":{"rendered":"Feste &#038; Veranstaltungen"},"content":{"rendered":"<h1>Bei uns k\u00f6nnen Sie Feste feiern&#8230;<\/h1>\n<p><img loading=\"lazy\" decoding=\"async\" src=\"http:\/\/www.kaminstube-gorleben.de\/wp-content\/pixx\/clearpixel.gif\" alt=\"\" width=\"630\" height=\"10\" \/><br \/>\n<strong>Geburtstag, Weihnachtsfeiern, Verlobung, Hochzeit &#8211; Familienfeiern aller Art.<\/strong><br \/>\nSie m\u00f6chten ein Familienfest oder eine Firmenfeier bei uns feiern?<br \/>\nRufen Sie uns an und wir unterbreiten Ihnen ein individuelles Angebot.<\/p>\n<p><img loading=\"lazy\" decoding=\"async\" src=\"http:\/\/www.kaminstube-gorleben.de\/wp-content\/pixx\/feiern_625.jpg\" alt=\"\" width=\"625\" height=\"250\" \/><br \/>\nWir verf\u00fcgen \u00fcber einen <strong>Saal<\/strong> f\u00fcr ca. 80-100 Personen und einen <strong>Clubraum<\/strong> f\u00fcr ca. 16 Personen.<br \/>\nNat\u00fcrlich k\u00f6nnen Sie auch in unserem wundersch\u00f6nen <strong>Biergarten<\/strong> feiern.<\/p>\n<p><strong>Selbstverst\u00e4ndlich \u00fcbernehmen wir die komplette Planung f\u00fcr Sie<\/strong> &#8211; Menue oder Buffet, DJ oder Live-Band verschiedenster Richtungen, Blumenschmuck und Dekoration &#8211;<br \/>\n<strong>wir beraten Sie in allen Fragen rund um Ihre Veranstaltung<\/strong>. <\/p>\n<p><img loading=\"lazy\" decoding=\"async\" src=\"http:\/\/www.kaminstube-gorleben.de\/wp-content\/pixx\/feiern2_625.jpg\" alt=\"\" width=\"625\" height=\"250\" \/><\/p>\n<hr>\n","protected":false},"excerpt":{"rendered":"<p>Bei uns k\u00f6nnen Sie Feste feiern&#8230; Geburtstag, Weihnachtsfeiern, Verlobung, Hochzeit &#8211; Familienfeiern aller Art. Sie m\u00f6chten ein Familienfest oder eine Firmenfeier bei uns feiern? Rufen Sie uns an und wir unterbreiten Ihnen ein individuelles Angebot. Wir verf\u00fcgen \u00fcber einen Saal f\u00fcr ca. 80-100 Personen und einen Clubraum f\u00fcr ca. 16 Personen. Nat\u00fcrlich k\u00f6nnen Sie auch [&hellip;]<\/p>\n","protected":false},"author":1,"featured_media":0,"parent":0,"menu_order":3,"comment_status":"open","ping_status":"open","template":"","meta":{"footnotes":""},"class_list":["post-63","page","type-page","status-publish","hentry"],"_links":{"self":[{"href":"http:\/\/www.kaminstube-gorleben.de\/index.php?rest_route=\/wp\/v2\/pages\/63","targetHints":{"allow":["GET"]}}],"collection":[{"href":"http:\/\/www.kaminstube-gorleben.de\/index.php?rest_route=\/wp\/v2\/pages"}],"about":[{"href":"http:\/\/www.kaminstube-gorleben.de\/index.php?rest_route=\/wp\/v2\/types\/page"}],"author":[{"embeddable":true,"href":"http:\/\/www.kaminstube-gorleben.de\/index.php?rest_route=\/wp\/v2\/users\/1"}],"replies":[{"embeddable":true,"href":"http:\/\/www.kaminstube-gorleben.de\/index.php?rest_route=%2Fwp%2Fv2%2Fcomments&post=63"}],"version-history":[{"count":12,"href":"http:\/\/www.kaminstube-gorleben.de\/index.php?rest_route=\/wp\/v2\/pages\/63\/revisions"}],"predecessor-version":[{"id":157,"href":"http:\/\/www.kaminstube-gorleben.de\/index.php?rest_route=\/wp\/v2\/pages\/63\/revisions\/157"}],"wp:attachment":[{"href":"http:\/\/www.kaminstube-gorleben.de\/index.php?rest_route=%2Fwp%2Fv2%2Fmedia&parent=63"}],"curies":[{"name":"wp","href":"https:\/\/api.w.org\/{rel}","templated":true}]}}