{"id":51,"date":"2012-07-07T15:27:07","date_gmt":"2012-07-07T13:27:07","guid":{"rendered":"http:\/\/www.kaminstube-gorleben.de\/?page_id=51"},"modified":"2012-07-07T18:17:54","modified_gmt":"2012-07-07T16:17:54","slug":"gorleben-umgebung","status":"publish","type":"page","link":"http:\/\/www.kaminstube-gorleben.de\/?page_id=51","title":{"rendered":"Gorleben &#038; Umgebung"},"content":{"rendered":"<h1>Gorleben &#038; Umgebung<\/h1>\n<p><img loading=\"lazy\" decoding=\"async\" src=\"http:\/\/www.kaminstube-gorleben.de\/wp-content\/pixx\/clearpixel.gif\" alt=\"\" width=\"630\" height=\"10\" \/><br \/>\nIn Gorleben, der n\u00e4heren Umgebung &#038; in der Region finden Sie vielf\u00e4ltige Freizeitm\u00f6glichkeiten f\u00fcr Wanderer, Radfahrer, Reiter, Wassersportler, Naturliebhaber&#8230;<\/p>\n<p><img loading=\"lazy\" decoding=\"async\" src=\"http:\/\/www.kaminstube-gorleben.de\/wp-content\/pixx\/hafen_630.jpg\" alt=\"\" width=\"625\" height=\"250\" \/><br \/>\n\u2022 \u00dcber 20 verschiedene Radfahrwege<br \/>\n\u2022 Fahrradverleih im Hause<br \/>\n\u2022 Bootsfahrten auf der Elbe<br \/>\n\u2022 Ideale Wanderwege durch unser Elbtalauenaturschutzreservat<br \/>\n\u2022 Die Elbtalaue ist ein Eldorado f\u00fcr Sportangler&#8230;<br \/>\n\u2022 Kutschfahrten oder auf dem R\u00fccken der Pferde durch die Natur<br \/>\n\u2022 Besichtigungstouren z.B Rundlingsdorf &#8211; Nemitzer Heide &#8211; Salzstock<br \/>\n\u2022 Bundeskegelbahnen und Schiessanlage (Voranmeldung)<br \/>\n\u2022 Thermalbad und und und&#8230;<\/p>\n<p><img loading=\"lazy\" decoding=\"async\" src=\"http:\/\/www.kaminstube-gorleben.de\/wp-content\/pixx\/gorleben_625.jpg\" alt=\"\" width=\"625\" height=\"250\" \/><\/p>\n<hr>\n","protected":false},"excerpt":{"rendered":"<p>Gorleben &#038; Umgebung In Gorleben, der n\u00e4heren Umgebung &#038; in der Region finden Sie vielf\u00e4ltige Freizeitm\u00f6glichkeiten f\u00fcr Wanderer, Radfahrer, Reiter, Wassersportler, Naturliebhaber&#8230; \u2022 \u00dcber 20 verschiedene Radfahrwege \u2022 Fahrradverleih im Hause \u2022 Bootsfahrten auf der Elbe \u2022 Ideale Wanderwege durch unser Elbtalauenaturschutzreservat \u2022 Die Elbtalaue ist ein Eldorado f\u00fcr Sportangler&#8230; \u2022 Kutschfahrten oder auf dem [&hellip;]<\/p>\n","protected":false},"author":1,"featured_media":0,"parent":0,"menu_order":6,"comment_status":"open","ping_status":"open","template":"","meta":{"footnotes":""},"class_list":["post-51","page","type-page","status-publish","hentry"],"_links":{"self":[{"href":"http:\/\/www.kaminstube-gorleben.de\/index.php?rest_route=\/wp\/v2\/pages\/51","targetHints":{"allow":["GET"]}}],"collection":[{"href":"http:\/\/www.kaminstube-gorleben.de\/index.php?rest_route=\/wp\/v2\/pages"}],"about":[{"href":"http:\/\/www.kaminstube-gorleben.de\/index.php?rest_route=\/wp\/v2\/types\/page"}],"author":[{"embeddable":true,"href":"http:\/\/www.kaminstube-gorleben.de\/index.php?rest_route=\/wp\/v2\/users\/1"}],"replies":[{"embeddable":true,"href":"http:\/\/www.kaminstube-gorleben.de\/index.php?rest_route=%2Fwp%2Fv2%2Fcomments&post=51"}],"version-history":[{"count":5,"href":"http:\/\/www.kaminstube-gorleben.de\/index.php?rest_route=\/wp\/v2\/pages\/51\/revisions"}],"predecessor-version":[{"id":84,"href":"http:\/\/www.kaminstube-gorleben.de\/index.php?rest_route=\/wp\/v2\/pages\/51\/revisions\/84"}],"wp:attachment":[{"href":"http:\/\/www.kaminstube-gorleben.de\/index.php?rest_route=%2Fwp%2Fv2%2Fmedia&parent=51"}],"curies":[{"name":"wp","href":"https:\/\/api.w.org\/{rel}","templated":true}]}}