{"id":42,"date":"2012-07-07T15:18:51","date_gmt":"2012-07-07T13:18:51","guid":{"rendered":"http:\/\/www.kaminstube-gorleben.de\/?page_id=42"},"modified":"2022-12-12T14:14:18","modified_gmt":"2022-12-12T12:14:18","slug":"die-zimmer","status":"publish","type":"page","link":"http:\/\/www.kaminstube-gorleben.de\/?page_id=42","title":{"rendered":"Die Zimmer"},"content":{"rendered":"<h1>Unsere gem\u00fctlichen Zimmer<\/h1>\n<p><img loading=\"lazy\" decoding=\"async\" src=\"http:\/\/www.kaminstube-gorleben.de\/wp-content\/pixx\/clearpixel.gif\" alt=\"\" width=\"630\" height=\"10\" \/><br \/>\nOb nun ein entspanntes Wochenende, ein Kurzurlaub in herrlicher Natur oder Ihr verdienter Urlaub &#8211; bei uns finden Sie die passenden Zimmer in ruhiger, entspannender und erholsamer Lage.<\/p>\n<p><img loading=\"lazy\" decoding=\"async\" class=\"alignnone wp-image-284\" src=\"http:\/\/www.kaminstube-gorleben.de\/wp-content\/uploads\/2021\/06\/verkauf-gastronomie-gewerbeimmobilie-niedersachsen-elbe-1-1024x683.jpg\" alt=\"\" width=\"310\" height=\"207\" srcset=\"http:\/\/www.kaminstube-gorleben.de\/wp-content\/uploads\/2021\/06\/verkauf-gastronomie-gewerbeimmobilie-niedersachsen-elbe-1-1024x683.jpg 1024w, http:\/\/www.kaminstube-gorleben.de\/wp-content\/uploads\/2021\/06\/verkauf-gastronomie-gewerbeimmobilie-niedersachsen-elbe-1-300x200.jpg 300w, http:\/\/www.kaminstube-gorleben.de\/wp-content\/uploads\/2021\/06\/verkauf-gastronomie-gewerbeimmobilie-niedersachsen-elbe-1-768x512.jpg 768w, http:\/\/www.kaminstube-gorleben.de\/wp-content\/uploads\/2021\/06\/verkauf-gastronomie-gewerbeimmobilie-niedersachsen-elbe-1.jpg 1200w\" sizes=\"auto, (max-width: 310px) 100vw, 310px\" \/> <img loading=\"lazy\" decoding=\"async\" class=\"alignnone wp-image-285\" src=\"http:\/\/www.kaminstube-gorleben.de\/wp-content\/uploads\/2021\/06\/verkauf-gastronomie-gewerbeimmobilie-niedersachsen-elbe-2-300x201.jpg\" alt=\"\" width=\"310\" height=\"208\" srcset=\"http:\/\/www.kaminstube-gorleben.de\/wp-content\/uploads\/2021\/06\/verkauf-gastronomie-gewerbeimmobilie-niedersachsen-elbe-2-300x201.jpg 300w, http:\/\/www.kaminstube-gorleben.de\/wp-content\/uploads\/2021\/06\/verkauf-gastronomie-gewerbeimmobilie-niedersachsen-elbe-2-1024x686.jpg 1024w, http:\/\/www.kaminstube-gorleben.de\/wp-content\/uploads\/2021\/06\/verkauf-gastronomie-gewerbeimmobilie-niedersachsen-elbe-2-768x515.jpg 768w, http:\/\/www.kaminstube-gorleben.de\/wp-content\/uploads\/2021\/06\/verkauf-gastronomie-gewerbeimmobilie-niedersachsen-elbe-2.jpg 1200w\" sizes=\"auto, (max-width: 310px) 100vw, 310px\" \/> <img loading=\"lazy\" decoding=\"async\" class=\"alignnone wp-image-286\" src=\"http:\/\/www.kaminstube-gorleben.de\/wp-content\/uploads\/2021\/06\/verkauf-gastronomie-gewerbeimmobilie-niedersachsen-elbe-4-300x200.jpg\" alt=\"\" width=\"310\" height=\"207\" srcset=\"http:\/\/www.kaminstube-gorleben.de\/wp-content\/uploads\/2021\/06\/verkauf-gastronomie-gewerbeimmobilie-niedersachsen-elbe-4-300x200.jpg 300w, http:\/\/www.kaminstube-gorleben.de\/wp-content\/uploads\/2021\/06\/verkauf-gastronomie-gewerbeimmobilie-niedersachsen-elbe-4-1024x683.jpg 1024w, http:\/\/www.kaminstube-gorleben.de\/wp-content\/uploads\/2021\/06\/verkauf-gastronomie-gewerbeimmobilie-niedersachsen-elbe-4-768x512.jpg 768w, http:\/\/www.kaminstube-gorleben.de\/wp-content\/uploads\/2021\/06\/verkauf-gastronomie-gewerbeimmobilie-niedersachsen-elbe-4.jpg 1200w\" sizes=\"auto, (max-width: 310px) 100vw, 310px\" \/> <img loading=\"lazy\" decoding=\"async\" class=\"alignnone wp-image-287\" src=\"http:\/\/www.kaminstube-gorleben.de\/wp-content\/uploads\/2021\/06\/verkauf-gastronomie-gewerbeimmobilie-niedersachsen-elbe-7-300x200.jpg\" alt=\"\" width=\"310\" height=\"207\" srcset=\"http:\/\/www.kaminstube-gorleben.de\/wp-content\/uploads\/2021\/06\/verkauf-gastronomie-gewerbeimmobilie-niedersachsen-elbe-7-300x200.jpg 300w, http:\/\/www.kaminstube-gorleben.de\/wp-content\/uploads\/2021\/06\/verkauf-gastronomie-gewerbeimmobilie-niedersachsen-elbe-7-1024x683.jpg 1024w, http:\/\/www.kaminstube-gorleben.de\/wp-content\/uploads\/2021\/06\/verkauf-gastronomie-gewerbeimmobilie-niedersachsen-elbe-7-768x512.jpg 768w, http:\/\/www.kaminstube-gorleben.de\/wp-content\/uploads\/2021\/06\/verkauf-gastronomie-gewerbeimmobilie-niedersachsen-elbe-7.jpg 1200w\" sizes=\"auto, (max-width: 310px) 100vw, 310px\" \/><br \/>\n<strong>Preis ab 58,- \u20ac bis 78,-\u20acpro Nacht\/Pers. im Doppelszimmer inkl. Fr\u00fchst\u00fcck<\/strong>.<br \/>\nErm\u00e4\u00dfigung bei l\u00e4ngeren Aufenthalten.<\/p>\n<p><strong>Einzelzimmer 39,-\u20ac bis 59-,\u20ac pro Nacht inkl. Fr\u00fchst\u00fcck<\/strong><\/p>\n<p><strong>Fragen Sie uns &#8211; wir unterst\u00fctzen Sie gerne bei Ihrer Planung&#8230; <\/strong><br \/>\nLassen Sie sich ein pers\u00f6nliches Angebot unterbreiten:<br \/>\nTel. 05882\/ 98 75 60 oder per eMail: post@kaminstube-gorleben.de<\/p>\n<hr \/>\n","protected":false},"excerpt":{"rendered":"<p>Unsere gem\u00fctlichen Zimmer Ob nun ein entspanntes Wochenende, ein Kurzurlaub in herrlicher Natur oder Ihr verdienter Urlaub &#8211; bei uns finden Sie die passenden Zimmer in ruhiger, entspannender und erholsamer Lage. Preis ab 58,- \u20ac bis 78,-\u20acpro Nacht\/Pers. im Doppelszimmer inkl. Fr\u00fchst\u00fcck. Erm\u00e4\u00dfigung bei l\u00e4ngeren Aufenthalten. Einzelzimmer 39,-\u20ac bis 59-,\u20ac pro Nacht inkl. Fr\u00fchst\u00fcck Fragen [&hellip;]<\/p>\n","protected":false},"author":1,"featured_media":0,"parent":0,"menu_order":4,"comment_status":"open","ping_status":"open","template":"","meta":{"footnotes":""},"class_list":["post-42","page","type-page","status-publish","hentry"],"_links":{"self":[{"href":"http:\/\/www.kaminstube-gorleben.de\/index.php?rest_route=\/wp\/v2\/pages\/42","targetHints":{"allow":["GET"]}}],"collection":[{"href":"http:\/\/www.kaminstube-gorleben.de\/index.php?rest_route=\/wp\/v2\/pages"}],"about":[{"href":"http:\/\/www.kaminstube-gorleben.de\/index.php?rest_route=\/wp\/v2\/types\/page"}],"author":[{"embeddable":true,"href":"http:\/\/www.kaminstube-gorleben.de\/index.php?rest_route=\/wp\/v2\/users\/1"}],"replies":[{"embeddable":true,"href":"http:\/\/www.kaminstube-gorleben.de\/index.php?rest_route=%2Fwp%2Fv2%2Fcomments&post=42"}],"version-history":[{"count":17,"href":"http:\/\/www.kaminstube-gorleben.de\/index.php?rest_route=\/wp\/v2\/pages\/42\/revisions"}],"predecessor-version":[{"id":307,"href":"http:\/\/www.kaminstube-gorleben.de\/index.php?rest_route=\/wp\/v2\/pages\/42\/revisions\/307"}],"wp:attachment":[{"href":"http:\/\/www.kaminstube-gorleben.de\/index.php?rest_route=%2Fwp%2Fv2%2Fmedia&parent=42"}],"curies":[{"name":"wp","href":"https:\/\/api.w.org\/{rel}","templated":true}]}}