{"id":153,"date":"2012-07-09T11:25:17","date_gmt":"2012-07-09T09:25:17","guid":{"rendered":"http:\/\/www.kaminstube-gorleben.de\/?page_id=153"},"modified":"2021-06-29T16:20:02","modified_gmt":"2021-06-29T14:20:02","slug":"der-biergarten","status":"publish","type":"page","link":"http:\/\/www.kaminstube-gorleben.de\/?page_id=153","title":{"rendered":"Der Biergarten"},"content":{"rendered":"<h1>Unser Biergarten&#8230;<\/h1>\n<p><img loading=\"lazy\" decoding=\"async\" src=\"http:\/\/www.kaminstube-gorleben.de\/wp-content\/pixx\/clearpixel.gif\" alt=\"\" width=\"630\" height=\"10\" \/><br \/>&#8230;einer der sch\u00f6nsten Bierg\u00e4rten der Region l\u00e4d&#8216; ein zum verweilen, entspannen, genie\u00dfen!<br \/>Nehmen Sie Platz im Strandkorb oder auf der sch\u00f6nen Naturholz-Hollywood-Schaukel, urige Naturholz-Sitzgruppen laden ein zum gem\u00fctlichen Plausch unter Freunden. Wanderer &amp; Radfahrer finden einen lauschigen Platz um Kraft zu sch\u00f6pfen f\u00fcr die n\u00e4chste Etappe&#8230;<\/p>\n<hr \/>\n\n\n<figure class=\"wp-block-gallery columns-3 is-cropped wp-block-gallery-1 is-layout-flex wp-block-gallery-is-layout-flex\"><ul class=\"blocks-gallery-grid\"><li class=\"blocks-gallery-item\"><figure><img loading=\"lazy\" decoding=\"async\" width=\"1200\" height=\"800\" src=\"http:\/\/www.kaminstube-gorleben.de\/wp-content\/uploads\/2021\/06\/gastronomie-verkauf-gewerbeimmobilie-niedersachsen-elbe-52.jpg\" alt=\"\" data-id=\"274\" data-full-url=\"http:\/\/www.kaminstube-gorleben.de\/wp-content\/uploads\/2021\/06\/gastronomie-verkauf-gewerbeimmobilie-niedersachsen-elbe-52.jpg\" data-link=\"http:\/\/www.kaminstube-gorleben.de\/?attachment_id=274\" class=\"wp-image-274\" srcset=\"http:\/\/www.kaminstube-gorleben.de\/wp-content\/uploads\/2021\/06\/gastronomie-verkauf-gewerbeimmobilie-niedersachsen-elbe-52.jpg 1200w, http:\/\/www.kaminstube-gorleben.de\/wp-content\/uploads\/2021\/06\/gastronomie-verkauf-gewerbeimmobilie-niedersachsen-elbe-52-300x200.jpg 300w, http:\/\/www.kaminstube-gorleben.de\/wp-content\/uploads\/2021\/06\/gastronomie-verkauf-gewerbeimmobilie-niedersachsen-elbe-52-1024x683.jpg 1024w, http:\/\/www.kaminstube-gorleben.de\/wp-content\/uploads\/2021\/06\/gastronomie-verkauf-gewerbeimmobilie-niedersachsen-elbe-52-768x512.jpg 768w\" sizes=\"auto, (max-width: 1200px) 100vw, 1200px\" \/><\/figure><\/li><li class=\"blocks-gallery-item\"><figure><img loading=\"lazy\" decoding=\"async\" width=\"1200\" height=\"800\" src=\"http:\/\/www.kaminstube-gorleben.de\/wp-content\/uploads\/2021\/06\/gastronomie-verkauf-gewerbeimmobilie-niedersachsen-elbe-59.jpg\" alt=\"\" data-id=\"275\" data-full-url=\"http:\/\/www.kaminstube-gorleben.de\/wp-content\/uploads\/2021\/06\/gastronomie-verkauf-gewerbeimmobilie-niedersachsen-elbe-59.jpg\" data-link=\"http:\/\/www.kaminstube-gorleben.de\/?attachment_id=275\" class=\"wp-image-275\" srcset=\"http:\/\/www.kaminstube-gorleben.de\/wp-content\/uploads\/2021\/06\/gastronomie-verkauf-gewerbeimmobilie-niedersachsen-elbe-59.jpg 1200w, http:\/\/www.kaminstube-gorleben.de\/wp-content\/uploads\/2021\/06\/gastronomie-verkauf-gewerbeimmobilie-niedersachsen-elbe-59-300x200.jpg 300w, http:\/\/www.kaminstube-gorleben.de\/wp-content\/uploads\/2021\/06\/gastronomie-verkauf-gewerbeimmobilie-niedersachsen-elbe-59-1024x683.jpg 1024w, http:\/\/www.kaminstube-gorleben.de\/wp-content\/uploads\/2021\/06\/gastronomie-verkauf-gewerbeimmobilie-niedersachsen-elbe-59-768x512.jpg 768w\" sizes=\"auto, (max-width: 1200px) 100vw, 1200px\" \/><\/figure><\/li><li class=\"blocks-gallery-item\"><figure><img loading=\"lazy\" decoding=\"async\" width=\"1200\" height=\"800\" src=\"http:\/\/www.kaminstube-gorleben.de\/wp-content\/uploads\/2021\/06\/gastronomie-verkauf-gewerbeimmobilie-niedersachsen-elbe-62.jpg\" alt=\"\" data-id=\"276\" data-full-url=\"http:\/\/www.kaminstube-gorleben.de\/wp-content\/uploads\/2021\/06\/gastronomie-verkauf-gewerbeimmobilie-niedersachsen-elbe-62.jpg\" data-link=\"http:\/\/www.kaminstube-gorleben.de\/?attachment_id=276\" class=\"wp-image-276\" srcset=\"http:\/\/www.kaminstube-gorleben.de\/wp-content\/uploads\/2021\/06\/gastronomie-verkauf-gewerbeimmobilie-niedersachsen-elbe-62.jpg 1200w, http:\/\/www.kaminstube-gorleben.de\/wp-content\/uploads\/2021\/06\/gastronomie-verkauf-gewerbeimmobilie-niedersachsen-elbe-62-300x200.jpg 300w, http:\/\/www.kaminstube-gorleben.de\/wp-content\/uploads\/2021\/06\/gastronomie-verkauf-gewerbeimmobilie-niedersachsen-elbe-62-1024x683.jpg 1024w, http:\/\/www.kaminstube-gorleben.de\/wp-content\/uploads\/2021\/06\/gastronomie-verkauf-gewerbeimmobilie-niedersachsen-elbe-62-768x512.jpg 768w\" sizes=\"auto, (max-width: 1200px) 100vw, 1200px\" \/><\/figure><\/li><li class=\"blocks-gallery-item\"><figure><img loading=\"lazy\" decoding=\"async\" width=\"1200\" height=\"800\" src=\"http:\/\/www.kaminstube-gorleben.de\/wp-content\/uploads\/2021\/06\/gastronomie-verkauf-gewerbeimmobilie-niedersachsen-elbe-67.jpg\" alt=\"\" data-id=\"277\" data-full-url=\"http:\/\/www.kaminstube-gorleben.de\/wp-content\/uploads\/2021\/06\/gastronomie-verkauf-gewerbeimmobilie-niedersachsen-elbe-67.jpg\" data-link=\"http:\/\/www.kaminstube-gorleben.de\/?attachment_id=277\" class=\"wp-image-277\" srcset=\"http:\/\/www.kaminstube-gorleben.de\/wp-content\/uploads\/2021\/06\/gastronomie-verkauf-gewerbeimmobilie-niedersachsen-elbe-67.jpg 1200w, http:\/\/www.kaminstube-gorleben.de\/wp-content\/uploads\/2021\/06\/gastronomie-verkauf-gewerbeimmobilie-niedersachsen-elbe-67-300x200.jpg 300w, http:\/\/www.kaminstube-gorleben.de\/wp-content\/uploads\/2021\/06\/gastronomie-verkauf-gewerbeimmobilie-niedersachsen-elbe-67-1024x683.jpg 1024w, http:\/\/www.kaminstube-gorleben.de\/wp-content\/uploads\/2021\/06\/gastronomie-verkauf-gewerbeimmobilie-niedersachsen-elbe-67-768x512.jpg 768w\" sizes=\"auto, (max-width: 1200px) 100vw, 1200px\" \/><\/figure><\/li><li class=\"blocks-gallery-item\"><figure><img loading=\"lazy\" decoding=\"async\" width=\"1200\" height=\"800\" src=\"http:\/\/www.kaminstube-gorleben.de\/wp-content\/uploads\/2021\/06\/gastronomie-verkauf-gewerbeimmobilie-niedersachsen-elbe-70.jpg\" alt=\"\" data-id=\"278\" data-full-url=\"http:\/\/www.kaminstube-gorleben.de\/wp-content\/uploads\/2021\/06\/gastronomie-verkauf-gewerbeimmobilie-niedersachsen-elbe-70.jpg\" data-link=\"http:\/\/www.kaminstube-gorleben.de\/?attachment_id=278\" class=\"wp-image-278\" srcset=\"http:\/\/www.kaminstube-gorleben.de\/wp-content\/uploads\/2021\/06\/gastronomie-verkauf-gewerbeimmobilie-niedersachsen-elbe-70.jpg 1200w, http:\/\/www.kaminstube-gorleben.de\/wp-content\/uploads\/2021\/06\/gastronomie-verkauf-gewerbeimmobilie-niedersachsen-elbe-70-300x200.jpg 300w, http:\/\/www.kaminstube-gorleben.de\/wp-content\/uploads\/2021\/06\/gastronomie-verkauf-gewerbeimmobilie-niedersachsen-elbe-70-1024x683.jpg 1024w, http:\/\/www.kaminstube-gorleben.de\/wp-content\/uploads\/2021\/06\/gastronomie-verkauf-gewerbeimmobilie-niedersachsen-elbe-70-768x512.jpg 768w\" sizes=\"auto, (max-width: 1200px) 100vw, 1200px\" \/><\/figure><\/li><li class=\"blocks-gallery-item\"><figure><img loading=\"lazy\" decoding=\"async\" width=\"1200\" height=\"800\" src=\"http:\/\/www.kaminstube-gorleben.de\/wp-content\/uploads\/2021\/06\/verkauf-gastronomie-gewerbeimmobilie-niedersachsen-elbe-23.jpg\" alt=\"\" data-id=\"279\" data-full-url=\"http:\/\/www.kaminstube-gorleben.de\/wp-content\/uploads\/2021\/06\/verkauf-gastronomie-gewerbeimmobilie-niedersachsen-elbe-23.jpg\" data-link=\"http:\/\/www.kaminstube-gorleben.de\/?attachment_id=279\" class=\"wp-image-279\" srcset=\"http:\/\/www.kaminstube-gorleben.de\/wp-content\/uploads\/2021\/06\/verkauf-gastronomie-gewerbeimmobilie-niedersachsen-elbe-23.jpg 1200w, http:\/\/www.kaminstube-gorleben.de\/wp-content\/uploads\/2021\/06\/verkauf-gastronomie-gewerbeimmobilie-niedersachsen-elbe-23-300x200.jpg 300w, http:\/\/www.kaminstube-gorleben.de\/wp-content\/uploads\/2021\/06\/verkauf-gastronomie-gewerbeimmobilie-niedersachsen-elbe-23-1024x683.jpg 1024w, http:\/\/www.kaminstube-gorleben.de\/wp-content\/uploads\/2021\/06\/verkauf-gastronomie-gewerbeimmobilie-niedersachsen-elbe-23-768x512.jpg 768w\" sizes=\"auto, (max-width: 1200px) 100vw, 1200px\" \/><\/figure><\/li><li class=\"blocks-gallery-item\"><figure><img loading=\"lazy\" decoding=\"async\" width=\"1200\" height=\"800\" src=\"http:\/\/www.kaminstube-gorleben.de\/wp-content\/uploads\/2021\/06\/verkauf-gastronomie-gewerbeimmobilie-niedersachsen-elbe-28.jpg\" alt=\"\" data-id=\"280\" data-full-url=\"http:\/\/www.kaminstube-gorleben.de\/wp-content\/uploads\/2021\/06\/verkauf-gastronomie-gewerbeimmobilie-niedersachsen-elbe-28.jpg\" data-link=\"http:\/\/www.kaminstube-gorleben.de\/?attachment_id=280\" class=\"wp-image-280\" srcset=\"http:\/\/www.kaminstube-gorleben.de\/wp-content\/uploads\/2021\/06\/verkauf-gastronomie-gewerbeimmobilie-niedersachsen-elbe-28.jpg 1200w, http:\/\/www.kaminstube-gorleben.de\/wp-content\/uploads\/2021\/06\/verkauf-gastronomie-gewerbeimmobilie-niedersachsen-elbe-28-300x200.jpg 300w, http:\/\/www.kaminstube-gorleben.de\/wp-content\/uploads\/2021\/06\/verkauf-gastronomie-gewerbeimmobilie-niedersachsen-elbe-28-1024x683.jpg 1024w, http:\/\/www.kaminstube-gorleben.de\/wp-content\/uploads\/2021\/06\/verkauf-gastronomie-gewerbeimmobilie-niedersachsen-elbe-28-768x512.jpg 768w\" sizes=\"auto, (max-width: 1200px) 100vw, 1200px\" \/><\/figure><\/li><\/ul><\/figure>\n","protected":false},"excerpt":{"rendered":"<p>Unser Biergarten&#8230; &#8230;einer der sch\u00f6nsten Bierg\u00e4rten der Region l\u00e4d&#8216; ein zum verweilen, entspannen, genie\u00dfen!Nehmen Sie Platz im Strandkorb oder auf der sch\u00f6nen Naturholz-Hollywood-Schaukel, urige Naturholz-Sitzgruppen laden ein zum gem\u00fctlichen Plausch unter Freunden. Wanderer &amp; Radfahrer finden einen lauschigen Platz um Kraft zu sch\u00f6pfen f\u00fcr die n\u00e4chste Etappe&#8230;<\/p>\n","protected":false},"author":1,"featured_media":0,"parent":0,"menu_order":2,"comment_status":"open","ping_status":"open","template":"","meta":{"footnotes":""},"class_list":["post-153","page","type-page","status-publish","hentry"],"_links":{"self":[{"href":"http:\/\/www.kaminstube-gorleben.de\/index.php?rest_route=\/wp\/v2\/pages\/153","targetHints":{"allow":["GET"]}}],"collection":[{"href":"http:\/\/www.kaminstube-gorleben.de\/index.php?rest_route=\/wp\/v2\/pages"}],"about":[{"href":"http:\/\/www.kaminstube-gorleben.de\/index.php?rest_route=\/wp\/v2\/types\/page"}],"author":[{"embeddable":true,"href":"http:\/\/www.kaminstube-gorleben.de\/index.php?rest_route=\/wp\/v2\/users\/1"}],"replies":[{"embeddable":true,"href":"http:\/\/www.kaminstube-gorleben.de\/index.php?rest_route=%2Fwp%2Fv2%2Fcomments&post=153"}],"version-history":[{"count":6,"href":"http:\/\/www.kaminstube-gorleben.de\/index.php?rest_route=\/wp\/v2\/pages\/153\/revisions"}],"predecessor-version":[{"id":289,"href":"http:\/\/www.kaminstube-gorleben.de\/index.php?rest_route=\/wp\/v2\/pages\/153\/revisions\/289"}],"wp:attachment":[{"href":"http:\/\/www.kaminstube-gorleben.de\/index.php?rest_route=%2Fwp%2Fv2%2Fmedia&parent=153"}],"curies":[{"name":"wp","href":"https:\/\/api.w.org\/{rel}","templated":true}]}}